{"id":3094,"date":"2017-05-05T14:07:59","date_gmt":"2017-05-05T14:07:59","guid":{"rendered":"https:\/\/smartkominki.pl\/index.php\/home-1\/"},"modified":"2024-05-21T08:30:07","modified_gmt":"2024-05-21T08:30:07","slug":"home-1","status":"publish","type":"page","link":"https:\/\/smartkominki.pl\/","title":{"rendered":"Zibi Smartkominki"},"content":{"rendered":"<div class=\"wpb-content-wrapper\"><p>[vc_row full_width=&#8221;stretch_row&#8221; grey_bg=&#8221;&#8221;][vc_column][rev_slider_vc alias=&#8221;slider-1&#8243;][\/vc_column][\/vc_row][vc_row full_width=&#8221;stretch_row&#8221; grey_bg=&#8221;&#8221;][vc_column width=&#8221;1\/2&#8243;][vc_single_image image=&#8221;3153&#8243; img_size=&#8221;485&#215;500&#8243; alignment=&#8221;center&#8221; title=&#8221;Madera PRO&#8221;][\/vc_column][vc_column width=&#8221;1\/2&#8243;][vc_single_image image=&#8221;3161&#8243; img_size=&#8221;485&#215;500&#8243; alignment=&#8221;center&#8221; title=&#8221;Porto PRO&#8221;][\/vc_column][\/vc_row][vc_row full_width=&#8221;stretch_row&#8221; grey_bg=&#8221;1&#8243;][vc_column][vc_empty_space alter_height=&#8221;huge&#8221; hide_on_mobile=&#8221;&#8221; css=&#8221;.vc_custom_1499091865828{margin-top: 0.3rem !important;}&#8221;]<div class=\"promo-wrap sc_promo_video\"><div  id=\"sc_promo_1127962004\"\tclass=\"sc_promo color_style_default sc_promo_default sc_promo_size_normal sc_promo_image_position_left\"><div class=\"sc_promo_image\" style=\"background-image:url(https:\/\/smartkominki.pl\/wp-content\/uploads\/2024\/04\/ogrzewacz-gazowy-madera-blisko.jpg);width:49%;left: 0;\"><div id=\"sc_video_1827905221\" class=\"trx_addons_video_player with_cover hover_play\"><div class=\"video_mask\"><\/div><div class=\"video_hover\" data-video=\"&lt;iframe src=&quot;https:\/\/www.youtube.com\/embed\/8IRVnXEvo-A?feature=oembed&#038;wmode=transparent&#038;origin=https%3A%2F%2Fsmartkominki.pl&#038;widgetid=1&#038;enablejsapi=1&#038;disablekb=1&#038;modestbranding=1&#038;iv_load_policy=3&#038;rel=0&#038;showinfo=0&#038;playsinline=1&amp;autoplay=1&quot; width=&quot;1200&quot; height=&quot;675&quot;&gt;&lt;\/iframe&gt;\"><\/div><div class=\"video_embed video_frame\"><\/div><\/div><\/div><div class=\"sc_promo_text\" style=\"width: 51%;float: right;\">\n\t\t\t<div class=\"sc_promo_text_inner sc_content_width_51%\" style=\"\"><h6 class=\"sc_item_subtitle sc_promo_subtitle sc_align_left sc_item_title_style_default\">OFICJALNY DYSTRYBUTOR<\/h6><h3 class=\"sc_item_title sc_promo_title sc_align_left sc_item_title_style_default\">Oryginalne, niezawodne kominki gazowe<\/h3><div class=\"sc_item_descr sc_promo_descr sc_align_left\"><p>Zapraszamy do kontaktu w celu nawi\u0105zania wsp\u00f3\u0142pracy.<\/p>\n<\/div><div class=\"sc_promo_content sc_item_content\">[vc_empty_space hide_on_mobile=&#8221;&#8221;]<\/div><\/div>\n\t\t<\/div><!-- \/.sc_promo_text --><\/div><div class=\"promo-shadow\"><\/div><\/div><!-- \/.sc_promo -->[vc_empty_space height=&#8221;10px&#8221; alter_height=&#8221;huge&#8221; hide_on_mobile=&#8221;&#8221;]<div id=\"widget_socials_729043342\" class=\"widget_area sc_widget_socials vc_widget_socials wpb_content_element\"><aside id=\"widget_socials_729043342_widget\" class=\"widget widget_socials\"><div class=\"socials_wrap sc_align_center\"><a target=\"_blank\" href=\"https:\/\/www.facebook.com\/smartkominki\" class=\"social_item social_item_style_icons social_item_type_icons\"><span class=\"social_icon social_facebook\"><span class=\"icon-facebook\"><\/span><\/span><\/a><a target=\"_blank\" href=\"https:\/\/www.youtube.com\/@SmartKominki\" class=\"social_item social_item_style_icons social_item_type_icons\"><span class=\"social_icon social_video\"><span class=\"icon-video\"><\/span><\/span><\/a><\/div><\/aside><\/div>[vc_empty_space height=&#8221;10px&#8221; alter_height=&#8221;huge&#8221; hide_on_mobile=&#8221;&#8221;][\/vc_column][\/vc_row][vc_row full_width=&#8221;stretch_row&#8221; disable_element=&#8221;yes&#8221; grey_bg=&#8221;&#8221; css=&#8221;.vc_custom_1714469165047{background: #f3f3f3 url(https:\/\/smartkominki.pl\/wp-content\/uploads\/2024\/04\/no-image.jpg?id=) !important;background-position: center !important;background-repeat: no-repeat !important;background-size: cover !important;}&#8221; el_class=&#8221;sc_layouts_571&#8243;][vc_column width=&#8221;5\/12&#8243;][vc_empty_space alter_height=&#8221;huge&#8221; hide_on_mobile=&#8221;&#8221;][\/vc_column][vc_column width=&#8221;1\/2&#8243;][\/vc_column][\/vc_row][vc_row disable_element=&#8221;yes&#8221; grey_bg=&#8221;&#8221;][vc_column][vc_empty_space alter_height=&#8221;huge&#8221; hide_on_mobile=&#8221;&#8221; css=&#8221;.vc_custom_1499083547327{margin-top: 0.5rem !important;}&#8221;]<div class=\"promo-wrap\"><div  id=\"sc_promo_514421303\"\tclass=\"sc_promo color_style_default scheme_dark sc_promo_default  vc_custom_1499083565456 sc_promo_size_normal sc_promo_image_position_left\"><div class=\"sc_promo_image\" style=\"background-image:url(https:\/\/smartkominki.pl\/wp-content\/uploads\/2024\/04\/no-image.jpg);width:51%;left: 0;\"><\/div><div class=\"sc_promo_text\" style=\"width: 49%;float: right;\">\n\t\t\t<div class=\"sc_promo_text_inner sc_content_width_49%\" style=\"\"><div class=\"sc_promo_content sc_item_content\">[vc_empty_space alter_height=&#8221;huge&#8221; hide_on_mobile=&#8221;&#8221; css=&#8221;.vc_custom_1499083851952{margin-top: -2.2rem !important;}&#8221;][vc_column_text]<\/p>\n<h1 class=\"trx_addons_no_margin\">Any<br \/>\nPhone.<br \/>\nAny<br \/>\nDevice.<\/h1>\n<p>[\/vc_column_text][vc_empty_space alter_height=&#8221;large&#8221; hide_on_mobile=&#8221;&#8221; css=&#8221;.vc_custom_1499083893951{margin-bottom: 0.3rem !important;}&#8221;]<a href=\"\/shop\/\" id=\"sc_button_1218694041\" class=\"sc_button color_style_default sc_button_simple sc_button_size_normal sc_button_icon_left\"><span class=\"sc_button_text\"><span class=\"sc_button_title\">Learn More<\/span><\/span><!-- \/.sc_button_text --><\/a><!-- \/.sc_button -->[vc_empty_space alter_height=&#8221;huge&#8221; hide_on_mobile=&#8221;&#8221; css=&#8221;.vc_custom_1499083910815{margin-bottom: -1.7rem !important;}&#8221;]<\/div><\/div>\n\t\t<\/div><!-- \/.sc_promo_text --><\/div><div class=\"promo-shadow\"><\/div><\/div><!-- \/.sc_promo -->[vc_empty_space alter_height=&#8221;huge&#8221; hide_on_mobile=&#8221;&#8221;][\/vc_column][\/vc_row][vc_row disable_element=&#8221;yes&#8221; grey_bg=&#8221;&#8221;][vc_column][vc_column_text]<\/p>\n<p>[\/vc_column_text][\/vc_column][\/vc_row][vc_row disable_element=&#8221;yes&#8221; grey_bg=&#8221;&#8221;][vc_column][vc_empty_space alter_height=&#8221;medium&#8221; hide_on_mobile=&#8221;&#8221; css=&#8221;.vc_custom_1499090695879{margin-bottom: 0.8rem !important;}&#8221;][\/vc_column][\/vc_row][vc_row full_width=&#8221;stretch_row&#8221; disable_element=&#8221;yes&#8221; scheme=&#8221;dark&#8221; grey_bg=&#8221;&#8221; css=&#8221;.vc_custom_1714469220551{background-image: url(https:\/\/smartkominki.pl\/wp-content\/uploads\/2024\/04\/no-image.jpg?id=) !important;background-position: center !important;background-repeat: no-repeat !important;background-size: cover !important;}&#8221;][vc_column width=&#8221;1\/2&#8243;][vc_empty_space alter_height=&#8221;huge&#8221; hide_on_mobile=&#8221;&#8221; css=&#8221;.vc_custom_1499085794884{margin-top: 5.2rem !important;}&#8221;]<div id=\"sc_title_1649485996\"\n\t\tclass=\"sc_title color_style_default sc_title_default\"><h1 class=\"sc_item_title sc_title_title sc_align_left sc_item_title_style_default sc_item_title_tag\">Explore universe at home<\/h1><div class=\"sc_item_descr sc_title_descr sc_align_left\"><p>Find yourself in the center of the fascinating universe.<\/p>\n<\/div><div class=\"sc_item_button sc_item_button_default sc_title_button sc_align_left sc_button_wrap sc_align_left\"><a href=\"\/shop\/\" id=\"sc_button_1948193866\" class=\"sc_button color_style_default sc_button_default sc_button_size_normal sc_button_icon_left\"><span class=\"sc_button_text\"><span class=\"sc_button_title\">Learn More<\/span><\/span><!-- \/.sc_button_text --><\/a><!-- \/.sc_button --><\/div><!-- \/.sc_item_button sc_item_button_default sc_title_button sc_align_left --><\/div><!-- \/.sc_title -->[vc_empty_space alter_height=&#8221;huge&#8221; hide_on_mobile=&#8221;&#8221; css=&#8221;.vc_custom_1499085985547{margin-bottom: 4.7rem !important;}&#8221;][\/vc_column][vc_column width=&#8221;1\/2&#8243;][\/vc_column][\/vc_row][vc_row full_width=&#8221;stretch_row&#8221; disable_element=&#8221;yes&#8221; grey_bg=&#8221;1&#8243;][vc_column][vc_empty_space alter_height=&#8221;huge&#8221; hide_on_mobile=&#8221;&#8221; css=&#8221;.vc_custom_1499086479259{margin-top: 1.8rem !important;}&#8221;]<div class=\"promo-wrap sc_promo_video\"><div  id=\"sc_promo_1021544630\"\tclass=\"sc_promo color_style_default sc_promo_default sc_promo_size_normal sc_promo_image_position_left\"><div class=\"sc_promo_image\" style=\"background-image:url(https:\/\/smartkominki.pl\/wp-content\/uploads\/2024\/04\/no-image.jpg);width:49%;left: 0;\"><div id=\"sc_video_2060642965\" class=\"trx_addons_video_player with_cover hover_play\"><div class=\"video_mask\"><\/div><div class=\"video_hover\" data-video=\"&lt;iframe src=&quot;https:\/\/player.vimeo.com\/video\/166946121?autoplay=1&quot; width=&quot;1200&quot; height=&quot;675&quot;&gt;&lt;\/iframe&gt;\"><\/div><div class=\"video_embed video_frame\"><\/div><\/div><\/div><div class=\"sc_promo_text\" style=\"width: 51%;float: right;\">\n\t\t\t<div class=\"sc_promo_text_inner sc_content_width_51%\" style=\"\"><h6 class=\"sc_item_subtitle sc_promo_subtitle sc_align_left sc_item_title_style_default\">HOW TO USE IT<\/h6><h3 class=\"sc_item_title sc_promo_title sc_align_left sc_item_title_style_default\">It\u2019s realy easy to use our VR glasses<\/h3><div class=\"sc_item_descr sc_promo_descr sc_align_left\"><p>Innovative headset to create the effect of presence immerses you in the real world with a volume of 360 viewing angle. Enjoy truly realistic images due to the higher resolution and higher density pixel.<\/p>\n<\/div><div class=\"sc_promo_content sc_item_content\"><a href=\"\/about-style-1\/\" id=\"sc_button_1178590667\" class=\"sc_button color_style_default sc_button_simple sc_button_size_normal sc_button_icon_left\"><span class=\"sc_button_text\"><span class=\"sc_button_title\">Learn More<\/span><\/span><!-- \/.sc_button_text --><\/a><!-- \/.sc_button -->[vc_empty_space alter_height=&#8221;huge&#8221; hide_on_mobile=&#8221;&#8221; css=&#8221;.vc_custom_1499081130058{margin-bottom: -0.7rem !important;}&#8221;]<\/div><\/div>\n\t\t<\/div><!-- \/.sc_promo_text --><\/div><div class=\"promo-shadow\"><\/div><\/div><!-- \/.sc_promo -->[vc_empty_space alter_height=&#8221;huge&#8221; hide_on_mobile=&#8221;&#8221;][\/vc_column][\/vc_row][vc_row disable_element=&#8221;yes&#8221; grey_bg=&#8221;&#8221;][vc_column][vc_column_text]<\/p>\n<p>[\/vc_column_text][\/vc_column][\/vc_row][vc_row full_width=&#8221;stretch_row&#8221; disable_element=&#8221;yes&#8221; grey_bg=&#8221;&#8221; css=&#8221;.vc_custom_1714470730526{background-color: #f3f3f3 !important;}&#8221;][vc_column icons_position=&#8221;left&#8221;][vc_empty_space alter_height=&#8221;huge&#8221; hide_on_mobile=&#8221;&#8221;][vc_empty_space alter_height=&#8221;huge&#8221; hide_on_mobile=&#8221;&#8221;][\/vc_column][\/vc_row][vc_row][vc_column][vc_empty_space height=&#8221;20px&#8221; alter_height=&#8221;none&#8221; hide_on_mobile=&#8221;&#8221;][\/vc_column][\/vc_row][vc_row][vc_column][vc_empty_space alter_height=&#8221;huge&#8221; hide_on_mobile=&#8221;&#8221;][\/vc_column][\/vc_row][vc_row][vc_column icons_position=&#8221;left&#8221;]<div id=\"sc_title_680597037\"\n\t\tclass=\"sc_title color_style_default sc_title_default\"><h6 class=\"sc_item_subtitle sc_title_subtitle sc_align_center sc_item_title_style_default\">przedstawimy ofert\u0119 wsp\u00f3\u0142pracy<\/h6><h3 class=\"sc_item_title sc_title_title sc_align_center sc_item_title_style_default\">Napisz do nas<\/h3><div class=\"sc_item_descr sc_title_descr sc_align_center\"><p>Produkty w atrakcyjnych cenach<\/p>\n<\/div><\/div><!-- \/.sc_title -->[vc_empty_space alter_height=&#8221;large&#8221; hide_on_mobile=&#8221;&#8221;][vc_column_text]<a id=\"kontakt\"><\/a>[\/vc_column_text][\/vc_column][\/vc_row][vc_row][vc_column]\n<div class=\"wpcf7 no-js\" id=\"wpcf7-f3124-o1\" lang=\"pl-PL\" dir=\"ltr\">\n<div class=\"screen-reader-response\"><p role=\"status\" aria-live=\"polite\" aria-atomic=\"true\"><\/p> <ul><\/ul><\/div>\n<form action=\"\/index.php\/wp-json\/wp\/v2\/pages\/3094#wpcf7-f3124-o1\" method=\"post\" class=\"wpcf7-form init\" aria-label=\"Formularz kontaktowy\" novalidate=\"novalidate\" data-status=\"init\">\n<div style=\"display: none;\">\n<input type=\"hidden\" name=\"_wpcf7\" value=\"3124\" \/>\n<input type=\"hidden\" name=\"_wpcf7_version\" value=\"5.9.8\" \/>\n<input type=\"hidden\" name=\"_wpcf7_locale\" value=\"pl_PL\" \/>\n<input type=\"hidden\" name=\"_wpcf7_unit_tag\" value=\"wpcf7-f3124-o1\" \/>\n<input type=\"hidden\" name=\"_wpcf7_container_post\" value=\"0\" \/>\n<input type=\"hidden\" name=\"_wpcf7_posted_data_hash\" value=\"\" \/>\n<\/div>\n<label> Twoje imi\u0119 i nazwisko\n    <span class=\"wpcf7-form-control-wrap\" data-name=\"your-name\"><input size=\"40\" maxlength=\"400\" class=\"wpcf7-form-control wpcf7-text wpcf7-validates-as-required\" autocomplete=\"name\" aria-required=\"true\" aria-invalid=\"false\" value=\"\" type=\"text\" name=\"your-name\" \/><\/span> <\/label>\n\n<label> Tw\u00f3j adres e-mail\n    <span class=\"wpcf7-form-control-wrap\" data-name=\"your-email\"><input size=\"40\" maxlength=\"400\" class=\"wpcf7-form-control wpcf7-email wpcf7-validates-as-required wpcf7-text wpcf7-validates-as-email\" autocomplete=\"email\" aria-required=\"true\" aria-invalid=\"false\" value=\"\" type=\"email\" name=\"your-email\" \/><\/span> <\/label>\n\n<label> Nazwa firmy\n    <span class=\"wpcf7-form-control-wrap\" data-name=\"your-subject\"><input size=\"40\" maxlength=\"400\" class=\"wpcf7-form-control wpcf7-text wpcf7-validates-as-required\" aria-required=\"true\" aria-invalid=\"false\" value=\"\" type=\"text\" name=\"your-subject\" \/><\/span> <\/label>\n\n<label> NIP\n    <span class=\"wpcf7-form-control-wrap\" data-name=\"your-subject\"><input size=\"40\" maxlength=\"400\" class=\"wpcf7-form-control wpcf7-text wpcf7-validates-as-required\" aria-required=\"true\" aria-invalid=\"false\" value=\"\" type=\"text\" name=\"your-subject\" \/><\/span> <\/label>\n\n<label> Telefon\n<span class=\"wpcf7-form-control-wrap\" data-name=\"tel-497\"><input size=\"40\" maxlength=\"400\" class=\"wpcf7-form-control wpcf7-tel wpcf7-validates-as-required wpcf7-text wpcf7-validates-as-tel\" aria-required=\"true\" aria-invalid=\"false\" value=\"\" type=\"tel\" name=\"tel-497\" \/><\/span> <\/label>\n\n<label> Twoja wiadomo\u015b\u0107 (opcjonalne)\n    <span class=\"wpcf7-form-control-wrap\" data-name=\"your-message\"><textarea cols=\"40\" rows=\"10\" maxlength=\"2000\" class=\"wpcf7-form-control wpcf7-textarea\" aria-invalid=\"false\" name=\"your-message\"><\/textarea><\/span> <\/label>\n\n<span class=\"wpcf7-form-control-wrap\" data-name=\"acceptance-235\"><span class=\"wpcf7-form-control wpcf7-acceptance optional\"><span class=\"wpcf7-list-item\"><label><input type=\"checkbox\" name=\"acceptance-235\" value=\"1\" aria-invalid=\"false\" \/><span class=\"wpcf7-list-item-label\">Wyra\u017cam zgod\u0119 na przetwarzanie moich danych osobowych, w celu skontaktowania si\u0119 przedstawiciela marki Zibi Smartkominki<\/span><\/label><\/span><\/span><\/span>\n\n<input class=\"wpcf7-form-control wpcf7-submit has-spinner\" type=\"submit\" value=\"Wy\u015blij\" \/><p style=\"display: none !important;\" class=\"akismet-fields-container\" data-prefix=\"_wpcf7_ak_\"><label>&#916;<textarea name=\"_wpcf7_ak_hp_textarea\" cols=\"45\" rows=\"8\" maxlength=\"100\"><\/textarea><\/label><input type=\"hidden\" id=\"ak_js_1\" name=\"_wpcf7_ak_js\" value=\"214\"\/><script>document.getElementById( \"ak_js_1\" ).setAttribute( \"value\", ( new Date() ).getTime() );<\/script><\/p><div class=\"wpcf7-response-output\" aria-hidden=\"true\"><\/div>\n<\/form>\n<\/div>\n[\/vc_column][\/vc_row]<\/p>\n<\/div>","protected":false},"excerpt":{"rendered":"<p>[vc_row full_width=&#8221;stretch_row&#8221; grey_bg=&#8221;&#8221;][vc_column][rev_slider_vc alias=&#8221;slider-1&#8243;][\/vc_column][\/vc_row][vc_row full_width=&#8221;stretch_row&#8221; grey_bg=&#8221;&#8221;][vc_column width=&#8221;1\/2&#8243;][vc_single_image image=&#8221;3153&#8243; img_size=&#8221;485&#215;500&#8243; alignment=&#8221;center&#8221; title=&#8221;Madera PRO&#8221;][\/vc_column][vc_column width=&#8221;1\/2&#8243;][vc_single_image image=&#8221;3161&#8243; img_size=&#8221;485&#215;500&#8243; alignment=&#8221;center&#8221; title=&#8221;Porto PRO&#8221;][\/vc_column][\/vc_row][vc_row full_width=&#8221;stretch_row&#8221; grey_bg=&#8221;1&#8243;][vc_column][vc_empty_space alter_height=&#8221;huge&#8221; hide_on_mobile=&#8221;&#8221; css=&#8221;.vc_custom_1499091865828{margin-top: 0.3rem !important;}&#8221;][vc_empty_space height=&#8221;10px&#8221; alter_height=&#8221;huge&#8221; hide_on_mobile=&#8221;&#8221;][vc_empty_space height=&#8221;10px&#8221; alter_height=&#8221;huge&#8221; hide_on_mobile=&#8221;&#8221;][\/vc_column][\/vc_row][vc_row full_width=&#8221;stretch_row&#8221; disable_element=&#8221;yes&#8221; grey_bg=&#8221;&#8221; css=&#8221;.vc_custom_1714469165047{background: #f3f3f3 url(https:\/\/smartkominki.pl\/wp-content\/uploads\/2024\/04\/no-image.jpg?id=) !important;background-position: center !important;background-repeat: no-repeat !important;background-size: cover !important;}&#8221; el_class=&#8221;sc_layouts_571&#8243;][vc_column width=&#8221;5\/12&#8243;][vc_empty_space alter_height=&#8221;huge&#8221; hide_on_mobile=&#8221;&#8221;][\/vc_column][vc_column width=&#8221;1\/2&#8243;][\/vc_column][\/vc_row][vc_row disable_element=&#8221;yes&#8221; grey_bg=&#8221;&#8221;][vc_column][vc_empty_space alter_height=&#8221;huge&#8221; hide_on_mobile=&#8221;&#8221; css=&#8221;.vc_custom_1499083547327{margin-top: 0.5rem !important;}&#8221;][vc_empty_space alter_height=&#8221;huge&#8221; hide_on_mobile=&#8221;&#8221;][\/vc_column][\/vc_row][vc_row disable_element=&#8221;yes&#8221; grey_bg=&#8221;&#8221;][vc_column][vc_column_text]&hellip;<\/p>\n","protected":false},"author":1,"featured_media":0,"parent":0,"menu_order":0,"comment_status":"closed","ping_status":"closed","template":"","meta":{"inline_featured_image":false,"_monsterinsights_skip_tracking":false,"_monsterinsights_sitenote_active":false,"_monsterinsights_sitenote_note":"","_monsterinsights_sitenote_category":0,"footnotes":""},"aioseo_notices":[],"_links":{"self":[{"href":"https:\/\/smartkominki.pl\/index.php\/wp-json\/wp\/v2\/pages\/3094"}],"collection":[{"href":"https:\/\/smartkominki.pl\/index.php\/wp-json\/wp\/v2\/pages"}],"about":[{"href":"https:\/\/smartkominki.pl\/index.php\/wp-json\/wp\/v2\/types\/page"}],"author":[{"embeddable":true,"href":"https:\/\/smartkominki.pl\/index.php\/wp-json\/wp\/v2\/users\/1"}],"replies":[{"embeddable":true,"href":"https:\/\/smartkominki.pl\/index.php\/wp-json\/wp\/v2\/comments?post=3094"}],"version-history":[{"count":20,"href":"https:\/\/smartkominki.pl\/index.php\/wp-json\/wp\/v2\/pages\/3094\/revisions"}],"predecessor-version":[{"id":3163,"href":"https:\/\/smartkominki.pl\/index.php\/wp-json\/wp\/v2\/pages\/3094\/revisions\/3163"}],"wp:attachment":[{"href":"https:\/\/smartkominki.pl\/index.php\/wp-json\/wp\/v2\/media?parent=3094"}],"curies":[{"name":"wp","href":"https:\/\/api.w.org\/{rel}","templated":true}]}}